{"id":2,"date":"2015-02-27T21:56:40","date_gmt":"2015-02-27T21:56:40","guid":{"rendered":"http:\/\/totaltheme.wpengine.com\/webdevelopers\/?page_id=2"},"modified":"2025-09-27T14:36:49","modified_gmt":"2025-09-27T19:36:49","slug":"homepage","status":"publish","type":"page","link":"https:\/\/ngi-solutions.com\/en\/","title":{"rendered":"Homepage"},"content":{"rendered":"<div class=\"wpb-content-wrapper\"><div class=\"vc_row wpb_row vc_row-fluid vc_custom_1489864859093 wpex-vc-full-width-row wpex-vc-full-width-row--centered wpex-relative wpex-vc_row-has-fill wpex-vc-reset-negative-margin wpex-has-overlay wpex-has-overlay--69f73b6499f06\"><div class=\"wpex-bg-overlay-wrap wpex-absolute wpex-inset-0 wpex-rounded-inherit\"><style class=\"wpex-bg-overlay-css\">.wpex-has-overlay--69f73b6499f06 > .wpex-bg-overlay-wrap .wpex-bg-overlay{opacity:0.35;}<\/style><span class=\"wpex-bg-overlay dark wpex-absolute wpex-inset-0 wpex-rounded-inherit wpex-duration-500 wpex-opacity-60 wpex-bg-black\"><\/span><\/div><div class=\"wpb_column vc_column_container vc_col-sm-12\"><div class=\"vc_column-inner\"><div class=\"wpb_wrapper\"><style>.vcex-animated-text.vcex_69f73b649b1a3{text-align:center;color:#ffffff;font-size:42px;font-weight:400;}<\/style><div class=\"vcex-animated-text vcex-module wpex-m-0 wpex-text-xl wpex-text-1 wpex-font-semibold wpex-leading-none vcex-typed-text-wrap wpex-text-center vcex_69f73b649b1a3\"><span class=\"vcex-animated-text__inner vcex-typed-text-inner vcex-typed-text-css wpex-inline-block wpex-max-w-100\"><span class=\"screen-reader-text\"><span>Atrae m\u00e1s clientes.<\/span><span>Incrementa tus ventas.<\/span><span>Haz crecer tu marca.<\/span><span>Empieza Hoy!!!<\/span><\/span><span class=\"vcex-animated-text__placeholder vcex-ph wpex-inline-block wpex-invisible\"><\/span><span class=\"vcex-animated-text__content vcex-typed-text\" aria-hidden=\"true\" data-settings=\"{&quot;loop&quot;:false,&quot;showCursor&quot;:false,&quot;typeSpeed&quot;:60,&quot;backDelay&quot;:500,&quot;backSpeed&quot;:0,&quot;startDelay&quot;:0}\" data-strings=\"[&quot;Atrae m\\u00e1s clientes.&quot;,&quot;Incrementa tus ventas.&quot;,&quot;Haz crecer tu marca.&quot;,&quot;Empieza Hoy!!!&quot;]\"><\/span><\/span><\/div><div class=\"vcex-spacing wpex-w-100 wpex-clear\" style=\"height:40px;\"><\/div><style>.vcex-button.vcex_69f73b649c524{border-radius:5px;background:#093459;padding:12px 32px;font-size:13px;font-weight:600;text-transform:uppercase;letter-spacing:1px;}.vcex-button.vcex_69f73b649c524:hover{background:#0c4678!important;}<\/style><div class=\"theme-button-wrap textcenter wpex-clr\"><a href=\"https:\/\/ngi-solutions.com\/contacto\" class=\"vcex-button theme-button flat align-center inline vcex_69f73b649c524\" title=\"Contacto\"><span class=\"vcex-button-inner theme-button-inner wpex-flex wpex-flex-wrap wpex-items-center wpex-justify-center\">Cont\u00e1ctanos<\/span><\/a><\/div> <\/div><\/div><\/div><\/div><div class=\"vc_row wpb_row vc_row-fluid vc_custom_1648247033021 wpex-relative\"><div class=\"wpb_column vc_column_container vc_col-sm-12\" id=\"Nosotros\"><div class=\"vc_column-inner\"><div class=\"wpb_wrapper\">\n\t<div style=\"font-size:28px;\" class=\"wpb_text_column wpb_content_element\" >\n\t\t<div class=\"wpb_wrapper\">\n\t\t\t<p style=\"text-align: center;\">Desde el 2006 venimos ofreciendo servicios de infraestructura y desarrollo web para empresas, negocios y emprendedores alrededor del mundo.<\/p>\n<p style=\"text-align: center;\">\n\n\t\t<\/div>\n\t<\/div>\n<div class=\"vcex-spacing wpex-w-100 wpex-clear\"><\/div>\n\t<div class=\"wpb_text_column wpb_content_element\" >\n\t\t<div class=\"wpb_wrapper\">\n\t\t\t<p style=\"text-align: center;\">Hemos hecho de nuestro trabajo proveer lo que la gente necesita, trabajos de calidad a precios razonables para ayudarlos a triunfar. Ponemos nuestro tiempo y esfuerzo para entender las necesidades de nuestros clientes y poder brindarles un producto de calidad. Nos aseguramos que los servicios que ofrecemos satisfagan sus necesidades.<\/p>\n\n\t\t<\/div>\n\t<\/div>\n<\/div><\/div><\/div><\/div><div class=\"vc_row wpb_row vc_row-fluid vc_custom_1489864899619 wpex-relative wpex-vc-has-custom-column-spacing wpex-vc-column-spacing-50\"><div class=\"wpb_column vc_column_container vc_col-sm-4\"><div class=\"vc_column-inner\"><div class=\"wpb_wrapper\"><style>.vcex-icon-box.vcex_69f73b649e4eb .vcex-icon-box-heading{font-size:18px;}.vcex-icon-box.vcex_69f73b649e4eb .vcex-icon-box-symbol--image{margin-block-end:25px;}<\/style><div class=\"vcex-module vcex-icon-box vcex-icon-box-two wpex-block wpex-text-center vcex_69f73b649e4eb\"><div class=\"vcex-icon-box-symbol vcex-icon-box-symbol--image wpex-mb-20\"><img width=\"128\" height=\"128\" src=\"https:\/\/ngi-solutions.com\/wp-content\/uploads\/2015\/02\/time.png\" class=\"vcex-icon-box-image wpex-align-middle\" alt=\"\" loading=\"lazy\" decoding=\"async\" \/><\/div><div class=\"vcex-icon-box-text\"><h2 class=\"vcex-icon-box-heading wpex-heading wpex-mb-10\">Desde el 2006<\/h2><div class=\"vcex-icon-box-content wpex-last-mb-0 wpex-clr\"><p>Venimos ofreciendo servicios y productos de calidad para empresas, negocios y emprendedores alrededor del mundo para ayudarlos a tener \u00e9xito en lo que hacen.<\/p>\n<\/div><\/div><\/div><\/div><\/div><\/div><div class=\"wpb_column vc_column_container vc_col-sm-4\"><div class=\"vc_column-inner\"><div class=\"wpb_wrapper\"><style>.vcex-icon-box.vcex_69f73b649f97b .vcex-icon-box-heading{font-size:18px;}.vcex-icon-box.vcex_69f73b649f97b .vcex-icon-box-symbol--image{margin-block-end:25px;}<\/style><div class=\"vcex-module vcex-icon-box vcex-icon-box-two wpex-block wpex-text-center vcex_69f73b649f97b\"><div class=\"vcex-icon-box-symbol vcex-icon-box-symbol--image wpex-mb-20\"><img width=\"128\" height=\"128\" src=\"https:\/\/ngi-solutions.com\/wp-content\/uploads\/2015\/02\/place.png\" class=\"vcex-icon-box-image wpex-align-middle\" alt=\"\" loading=\"lazy\" decoding=\"async\" \/><\/div><div class=\"vcex-icon-box-text\"><h2 class=\"vcex-icon-box-heading wpex-heading wpex-mb-10\">Global<\/h2><div class=\"vcex-icon-box-content wpex-last-mb-0 wpex-clr\"><p>Tenemos clientes alrededor del mundo, desde Per\u00fa hasta Estados Unidos, Europa y Asia. No importa donde te encuentres, estamos listos para ayudarte.<\/p>\n<\/div><\/div><\/div><\/div><\/div><\/div><div class=\"wpb_column vc_column_container vc_col-sm-4\"><div class=\"vc_column-inner\"><div class=\"wpb_wrapper\"><style>.vcex-icon-box.vcex_69f73b64a0f48 .vcex-icon-box-heading{font-size:18px;}.vcex-icon-box.vcex_69f73b64a0f48 .vcex-icon-box-symbol--image{margin-block-end:25px;}<\/style><div class=\"vcex-module vcex-icon-box vcex-icon-box-two wpex-block wpex-text-center vcex_69f73b64a0f48\"><div class=\"vcex-icon-box-symbol vcex-icon-box-symbol--image wpex-mb-20\"><img width=\"128\" height=\"128\" src=\"https:\/\/ngi-solutions.com\/wp-content\/uploads\/2015\/02\/star.png\" class=\"vcex-icon-box-image wpex-align-middle\" alt=\"\" loading=\"lazy\" decoding=\"async\" \/><\/div><div class=\"vcex-icon-box-text\"><h2 class=\"vcex-icon-box-heading wpex-heading wpex-mb-10\">Servicios de Calidad<\/h2><div class=\"vcex-icon-box-content wpex-last-mb-0 wpex-clr\"><p>Estamos dedicados al 100% en brindar servicios de calidad a nuestros clientes y eso hace que nuestros clientes est\u00e9n felices con nosotros.<\/p>\n<\/div><\/div><\/div><\/div><\/div><\/div><\/div><div class=\"vc_row wpb_row vc_row-fluid vc_custom_1648228408957 wpex-vc-full-width-row wpex-vc-full-width-row--centered wpex-relative wpex-vc-has-custom-column-spacing wpex-vc-column-spacing-40 wpex-vc_row-has-fill wpex-vc-reset-negative-margin\" data-ls_id=\"#Servicios\" tabindex=\"-1\"><div class=\"wpb_column vc_column_container vc_col-sm-6\"><div class=\"vc_column-inner\"><div class=\"wpb_wrapper\">\n\t<div style=\"font-size:28px;\" class=\"wpb_text_column wpb_content_element\" >\n\t\t<div class=\"wpb_wrapper\">\n\t\t\t<p style=\"text-align: left;\"><strong>01.<\/strong> Dise\u00f1o Web<\/p>\n\n\t\t<\/div>\n\t<\/div>\n<div class=\"vcex-spacing wpex-w-100 wpex-clear\"><\/div>\n\t<div class=\"wpb_text_column wpb_content_element\" >\n\t\t<div class=\"wpb_wrapper\">\n\t\t\t<p>Si no apareces en internet, no existes. Ve crecer tu negocio r\u00e1pidamente con nuestras paginas web.<\/p>\n<p>Desde una sencilla web de una sola p\u00e1gina hasta un Portal E-commerce.<\/p>\n<p>\u00bfPor qu\u00e9 somos diferentes? Porque hablamos claro, porque no hace falta usar tecnicismos ni palabras modernas para hacer un trabajo profesional.<\/p>\n\n\t\t<\/div>\n\t<\/div>\n<\/div><\/div><\/div><div class=\"wpb_column vc_column_container vc_col-sm-6\"><div class=\"vc_column-inner\"><div class=\"wpb_wrapper\">\n\t<div  class=\"wpb_single_image wpb_content_element vc_align_center wpb_content_element wpb_animate_when_almost_visible wpb_right-to-left right-to-left\">\n\t\t\n\t\t<figure class=\"wpb_wrapper vc_figure\">\n\t\t\t<div class=\"vc_single_image-wrapper   vc_box_border_grey\"><img width=\"784\" height=\"450\" src=\"https:\/\/ngi-solutions.com\/wp-content\/uploads\/2022\/03\/mac2.png\" class=\"vc_single_image-img attachment-full\" alt=\"\" title=\"mac2\" srcset=\"https:\/\/ngi-solutions.com\/wp-content\/uploads\/2022\/03\/mac2.png 784w, https:\/\/ngi-solutions.com\/wp-content\/uploads\/2022\/03\/mac2-300x172.png 300w, https:\/\/ngi-solutions.com\/wp-content\/uploads\/2022\/03\/mac2-768x441.png 768w, https:\/\/ngi-solutions.com\/wp-content\/uploads\/2022\/03\/mac2-18x10.png 18w\" sizes=\"(max-width: 784px) 100vw, 784px\" \/><\/div>\n\t\t<\/figure>\n\t<\/div>\n<\/div><\/div><\/div><\/div><div class=\"vc_row wpb_row vc_row-fluid vc_custom_1489865029825 wpex-vc-full-width-row wpex-vc-full-width-row--centered wpex-relative wpex-vc-has-custom-column-spacing wpex-vc-column-spacing-40 wpex-vc_row-has-fill wpex-cols-right wpex-vc-reset-negative-margin\"><div class=\"wpb_column vc_column_container vc_col-sm-6\"><div class=\"vc_column-inner\"><div class=\"wpb_wrapper\">\n\t<div style=\"font-size:28px;\" class=\"wpb_text_column wpb_content_element\" >\n\t\t<div class=\"wpb_wrapper\">\n\t\t\t<p style=\"text-align: left;\"><strong>02.<\/strong> Hosting Dedicado<\/p>\n\n\t\t<\/div>\n\t<\/div>\n<div class=\"vcex-spacing wpex-w-100 wpex-clear\"><\/div>\n\t<div class=\"wpb_text_column wpb_content_element\" >\n\t\t<div class=\"wpb_wrapper\">\n\t\t\t<p>Nuevos planes de almacenamiento web, con recursos \u00fanicos por cliente.<\/p>\n<p>Ya sea para empresas o particulares en nuestros servidores con discos duros SSD encontraras tu aliado para alojar tu web.<\/p>\n<p>Garantizamos eficiencia inmediata con nuestra plataforma personalizada y optimizada para la velocidad.<\/p>\n<p>Olv\u00eddate de los tediosos paneles de control, nosotros lo hacemos por t\u00ed.<\/p>\n\n\t\t<\/div>\n\t<\/div>\n<\/div><\/div><\/div><div class=\"wpb_column vc_column_container vc_col-sm-6\"><div class=\"vc_column-inner\"><div class=\"wpb_wrapper\">\n\t<div  class=\"wpb_single_image wpb_content_element vc_align_center wpb_content_element wpb_animate_when_almost_visible wpb_left-to-right left-to-right\">\n\t\t\n\t\t<figure class=\"wpb_wrapper vc_figure\">\n\t\t\t<div class=\"vc_single_image-wrapper   vc_box_border_grey\"><img width=\"635\" height=\"425\" src=\"https:\/\/ngi-solutions.com\/wp-content\/uploads\/2022\/03\/host.png\" class=\"vc_single_image-img attachment-full\" alt=\"\" title=\"host\" srcset=\"https:\/\/ngi-solutions.com\/wp-content\/uploads\/2022\/03\/host.png 635w, https:\/\/ngi-solutions.com\/wp-content\/uploads\/2022\/03\/host-300x201.png 300w, https:\/\/ngi-solutions.com\/wp-content\/uploads\/2022\/03\/host-18x12.png 18w\" sizes=\"(max-width: 635px) 100vw, 635px\" \/><\/div>\n\t\t<\/figure>\n\t<\/div>\n<\/div><\/div><\/div><\/div><div class=\"vc_row wpb_row vc_row-fluid vc_custom_1489865034281 wpex-vc-full-width-row wpex-vc-full-width-row--centered wpex-relative wpex-vc-has-custom-column-spacing wpex-vc-column-spacing-40 wpex-vc_row-has-fill wpex-vc-reset-negative-margin\"><div class=\"wpb_column vc_column_container vc_col-sm-6\"><div class=\"vc_column-inner\"><div class=\"wpb_wrapper\">\n\t<div class=\"wpb_text_column wpb_content_element\" >\n\t\t<div class=\"wpb_wrapper\">\n\t\t\t<p style=\"text-align: left;\"><span style=\"font-size: 28px;\"><strong>03.<\/strong> Cloud Servers<\/span><\/p>\n\n\t\t<\/div>\n\t<\/div>\n<div class=\"vcex-spacing wpex-w-100 wpex-clear\"><\/div>\n\t<div class=\"wpb_text_column wpb_content_element\" >\n\t\t<div class=\"wpb_wrapper\">\n\t\t\t<p>Servidores en la nube para almacenar y compartir tus archivos.<\/p>\n<p>Mejoramos nuestros Cloud Servers, agregamos m\u00e1s recursos a nuestros nodos, los conectamos por fibra a unidades de storage con discos 100% SSD y NVMe para que obtengas el mejor rendimiento y velocidad.<\/p>\n\n\t\t<\/div>\n\t<\/div>\n<\/div><\/div><\/div><div class=\"wpb_column vc_column_container vc_col-sm-6\"><div class=\"vc_column-inner\"><div class=\"wpb_wrapper\">\n\t<div  class=\"wpb_single_image wpb_content_element vc_align_center wpb_content_element wpb_animate_when_almost_visible wpb_right-to-left right-to-left\">\n\t\t\n\t\t<figure class=\"wpb_wrapper vc_figure\">\n\t\t\t<div class=\"vc_single_image-wrapper   vc_box_border_grey\"><img width=\"635\" height=\"425\" src=\"https:\/\/ngi-solutions.com\/wp-content\/uploads\/2022\/03\/cs.jpg\" class=\"vc_single_image-img attachment-full\" alt=\"\" title=\"cs\" srcset=\"https:\/\/ngi-solutions.com\/wp-content\/uploads\/2022\/03\/cs.jpg 635w, https:\/\/ngi-solutions.com\/wp-content\/uploads\/2022\/03\/cs-300x201.jpg 300w, https:\/\/ngi-solutions.com\/wp-content\/uploads\/2022\/03\/cs-18x12.jpg 18w\" sizes=\"(max-width: 635px) 100vw, 635px\" \/><\/div>\n\t\t<\/figure>\n\t<\/div>\n<\/div><\/div><\/div><\/div><div class=\"vc_row wpb_row vc_row-fluid vc_custom_1489865029825 wpex-vc-full-width-row wpex-vc-full-width-row--centered wpex-relative wpex-vc-has-custom-column-spacing wpex-vc-column-spacing-40 wpex-vc_row-has-fill wpex-cols-right wpex-vc-reset-negative-margin\"><div class=\"wpb_column vc_column_container vc_col-sm-6\"><div class=\"vc_column-inner\"><div class=\"wpb_wrapper\">\n\t<div style=\"font-size:28px;\" class=\"wpb_text_column wpb_content_element\" >\n\t\t<div class=\"wpb_wrapper\">\n\t\t\t<p style=\"text-align: left;\"><strong>04.<\/strong> Administraci\u00f3n de P\u00e1ginas Web<\/p>\n\n\t\t<\/div>\n\t<\/div>\n<div class=\"vcex-spacing wpex-w-100 wpex-clear\"><\/div>\n\t<div class=\"wpb_text_column wpb_content_element\" >\n\t\t<div class=\"wpb_wrapper\">\n\t\t\t<p>Sabemos lo tedioso que puede llegar a ser estar agregando nuevo contenido, actualizando informaci\u00f3n, darle mantenimiento a tu base de datos, etc.<\/p>\n<p>Es por eso que te quitamos el peso de encima de estar actualizando y administrando tu web. Nos encargamos de hacer tu vida m\u00e1s f\u00e1cil para que puedas aprovechar ese tiempo adicional en otras actividades.<\/p>\n\n\t\t<\/div>\n\t<\/div>\n<\/div><\/div><\/div><div class=\"wpb_column vc_column_container vc_col-sm-6\"><div class=\"vc_column-inner\"><div class=\"wpb_wrapper\">\n\t<div  class=\"wpb_single_image wpb_content_element vc_align_center wpb_content_element wpb_animate_when_almost_visible wpb_left-to-right left-to-right\">\n\t\t\n\t\t<figure class=\"wpb_wrapper vc_figure\">\n\t\t\t<div class=\"vc_single_image-wrapper   vc_box_border_grey\"><img width=\"635\" height=\"425\" src=\"https:\/\/ngi-solutions.com\/wp-content\/uploads\/2022\/03\/web-management.jpg\" class=\"vc_single_image-img attachment-full\" alt=\"\" title=\"web-management\" srcset=\"https:\/\/ngi-solutions.com\/wp-content\/uploads\/2022\/03\/web-management.jpg 635w, https:\/\/ngi-solutions.com\/wp-content\/uploads\/2022\/03\/web-management-300x201.jpg 300w, https:\/\/ngi-solutions.com\/wp-content\/uploads\/2022\/03\/web-management-18x12.jpg 18w\" sizes=\"(max-width: 635px) 100vw, 635px\" \/><\/div>\n\t\t<\/figure>\n\t<\/div>\n<\/div><\/div><\/div><\/div><div class=\"vc_row wpb_row vc_row-fluid vc_custom_1489865034281 wpex-vc-full-width-row wpex-vc-full-width-row--centered wpex-relative wpex-vc-has-custom-column-spacing wpex-vc-column-spacing-40 wpex-vc_row-has-fill wpex-vc-reset-negative-margin\"><div class=\"wpb_column vc_column_container vc_col-sm-6\"><div class=\"vc_column-inner\"><div class=\"wpb_wrapper\">\n\t<div class=\"wpb_text_column wpb_content_element\" >\n\t\t<div class=\"wpb_wrapper\">\n\t\t\t<p style=\"text-align: left;\"><span style=\"font-size: 28px;\"><strong>05.<\/strong> Administraci\u00f3n de Servidores<\/span><\/p>\n\n\t\t<\/div>\n\t<\/div>\n<div class=\"vcex-spacing wpex-w-100 wpex-clear\"><\/div>\n\t<div class=\"wpb_text_column wpb_content_element\" >\n\t\t<div class=\"wpb_wrapper\">\n\t\t\t<p>Windows o Linux, nos encargaremos de que tus servidores funcionen y esten actualizados.<\/p>\n<p>Con varios a\u00f1os de experiencia trabajando con distintas versiones de servidores Linux y Windows, podemos decir que tenemos la experiencia suficiente para mantener tus servidores actualizados y en linea.<\/p>\n<p>Mantendremos tus servicios optimizados y nos encargaremos de que tambien esten bien protegidos detr\u00e1s de un firewall para evitar cualquier ataque que ponga en riesgo tu informaci\u00f3n.<\/p>\n\n\t\t<\/div>\n\t<\/div>\n<\/div><\/div><\/div><div class=\"wpb_column vc_column_container vc_col-sm-6\"><div class=\"vc_column-inner\"><div class=\"wpb_wrapper\">\n\t<div  class=\"wpb_single_image wpb_content_element vc_align_center wpb_content_element wpb_animate_when_almost_visible wpb_right-to-left right-to-left\">\n\t\t\n\t\t<figure class=\"wpb_wrapper vc_figure\">\n\t\t\t<div class=\"vc_single_image-wrapper   vc_box_border_grey\"><img width=\"635\" height=\"425\" src=\"https:\/\/ngi-solutions.com\/wp-content\/uploads\/2022\/03\/Server-Management.jpg\" class=\"vc_single_image-img attachment-full\" alt=\"\" title=\"Server-Management\" srcset=\"https:\/\/ngi-solutions.com\/wp-content\/uploads\/2022\/03\/Server-Management.jpg 635w, https:\/\/ngi-solutions.com\/wp-content\/uploads\/2022\/03\/Server-Management-300x201.jpg 300w, https:\/\/ngi-solutions.com\/wp-content\/uploads\/2022\/03\/Server-Management-18x12.jpg 18w\" sizes=\"(max-width: 635px) 100vw, 635px\" \/><\/div>\n\t\t<\/figure>\n\t<\/div>\n<\/div><\/div><\/div><\/div><div class=\"vc_row wpb_row vc_row-fluid vc_custom_1489865029825 wpex-vc-full-width-row wpex-vc-full-width-row--centered wpex-relative wpex-vc-has-custom-column-spacing wpex-vc-column-spacing-40 wpex-vc_row-has-fill wpex-cols-right wpex-vc-reset-negative-margin\"><div class=\"wpb_column vc_column_container vc_col-sm-6\"><div class=\"vc_column-inner\"><div class=\"wpb_wrapper\">\n\t<div style=\"font-size:28px;\" class=\"wpb_text_column wpb_content_element\" >\n\t\t<div class=\"wpb_wrapper\">\n\t\t\t<p style=\"text-align: left;\"><strong>06.<\/strong> Reparaci\u00f3n de Computadoras<\/p>\n\n\t\t<\/div>\n\t<\/div>\n<div class=\"vcex-spacing wpex-w-100 wpex-clear\"><\/div>\n\t<div class=\"wpb_text_column wpb_content_element\" >\n\t\t<div class=\"wpb_wrapper\">\n\t\t\t<p>Reparamos tus m\u00e1quinas para que funcionen al 100% en el menor tiempo posible.<\/p>\n<p>Tenemos un servicio t\u00e9cnico inform\u00e1tico altamente experimentado de reparaci\u00f3n de computadoras, eliminaci\u00f3n de virus inform\u00e1ticos, cambio de piezas de hardware, backups, formateo y reinstalaci\u00f3n de sistemas operativos y programas varios.<\/p>\n<p>Garantizamos eficiencia inmediata con nuestra plataforma personalizada y optimizada para la velocidad.<\/p>\n<p>Olv\u00eddate de los tediosos paneles de control, nosotros lo hacemos por t\u00ed.<\/p>\n\n\t\t<\/div>\n\t<\/div>\n<\/div><\/div><\/div><div class=\"wpb_column vc_column_container vc_col-sm-6\"><div class=\"vc_column-inner\"><div class=\"wpb_wrapper\">\n\t<div  class=\"wpb_single_image wpb_content_element vc_align_center wpb_content_element wpb_animate_when_almost_visible wpb_left-to-right left-to-right\">\n\t\t\n\t\t<figure class=\"wpb_wrapper vc_figure\">\n\t\t\t<div class=\"vc_single_image-wrapper   vc_box_border_grey\"><img width=\"635\" height=\"425\" src=\"https:\/\/ngi-solutions.com\/wp-content\/uploads\/2022\/03\/repair.jpg\" class=\"vc_single_image-img attachment-full\" alt=\"\" title=\"repair\" srcset=\"https:\/\/ngi-solutions.com\/wp-content\/uploads\/2022\/03\/repair.jpg 635w, https:\/\/ngi-solutions.com\/wp-content\/uploads\/2022\/03\/repair-300x201.jpg 300w, https:\/\/ngi-solutions.com\/wp-content\/uploads\/2022\/03\/repair-18x12.jpg 18w\" sizes=\"(max-width: 635px) 100vw, 635px\" \/><\/div>\n\t\t<\/figure>\n\t<\/div>\n<\/div><\/div><\/div><\/div>\n<\/div>","protected":false},"excerpt":{"rendered":"Atrae m\u00e1s clientes.Incrementa tus ventas.Haz crecer tu marca.Empieza Hoy!!!Cont\u00e1ctanos Desde el 2006 venimos ofreciendo servicios de infraestructura y desarrollo web para empresas, negocios y emprendedores alrededor del mundo. Hemos hecho de nuestro trabajo proveer lo que la gente necesita, trabajos de calidad a precios razonables para ayudarlos a triunfar. Ponemos nuestro tiempo y esfuerzo para&hellip;","protected":false},"author":1,"featured_media":0,"parent":0,"menu_order":0,"comment_status":"closed","ping_status":"closed","template":"","meta":{"footnotes":""},"class_list":["post-2","page","type-page","status-publish","hentry","entry","no-media"],"_links":{"self":[{"href":"https:\/\/ngi-solutions.com\/en\/wp-json\/wp\/v2\/pages\/2","targetHints":{"allow":["GET"]}}],"collection":[{"href":"https:\/\/ngi-solutions.com\/en\/wp-json\/wp\/v2\/pages"}],"about":[{"href":"https:\/\/ngi-solutions.com\/en\/wp-json\/wp\/v2\/types\/page"}],"author":[{"embeddable":true,"href":"https:\/\/ngi-solutions.com\/en\/wp-json\/wp\/v2\/users\/1"}],"replies":[{"embeddable":true,"href":"https:\/\/ngi-solutions.com\/en\/wp-json\/wp\/v2\/comments?post=2"}],"version-history":[{"count":1,"href":"https:\/\/ngi-solutions.com\/en\/wp-json\/wp\/v2\/pages\/2\/revisions"}],"predecessor-version":[{"id":5486,"href":"https:\/\/ngi-solutions.com\/en\/wp-json\/wp\/v2\/pages\/2\/revisions\/5486"}],"wp:attachment":[{"href":"https:\/\/ngi-solutions.com\/en\/wp-json\/wp\/v2\/media?parent=2"}],"curies":[{"name":"wp","href":"https:\/\/api.w.org\/{rel}","templated":true}]}}